{"id":40,"date":"2024-11-21T18:07:51","date_gmt":"2024-11-21T17:07:51","guid":{"rendered":"https:\/\/loicfraysse.fr\/?page_id=40"},"modified":"2024-12-07T18:08:50","modified_gmt":"2024-12-07T17:08:50","slug":"services","status":"publish","type":"page","link":"https:\/\/loicfraysse.fr\/index.php\/services\/","title":{"rendered":"SERVICES"},"content":{"rendered":"\n<hr class=\"wp-block-separator has-alpha-channel-opacity\"\/>\n\n\n\n<h2 class=\"wp-block-heading has-text-align-center\">\u00c9LAGAGE \u2013 ABATTAGE \u2013 D\u00c9BROUSSAILLAGE \u2013 TRAVAUX EN HAUTEUR<\/h2>\n\n\n\n<hr class=\"wp-block-separator has-alpha-channel-opacity\"\/>\n\n\n\n<div class=\"wp-block-cover\" style=\"min-height:209px;aspect-ratio:unset;\"><span aria-hidden=\"true\" class=\"wp-block-cover__background has-background-dim\" style=\"background-color:#777c78\"><\/span><img loading=\"lazy\" decoding=\"async\" width=\"2560\" height=\"846\" class=\"wp-block-cover__image-background wp-image-200\" alt=\"\" src=\"https:\/\/loicfraysse.fr\/wp-content\/uploads\/2024\/12\/elagage_albertville_73-scaled.jpg\" data-object-fit=\"cover\" srcset=\"https:\/\/loicfraysse.fr\/wp-content\/uploads\/2024\/12\/elagage_albertville_73-scaled.jpg 2560w, https:\/\/loicfraysse.fr\/wp-content\/uploads\/2024\/12\/elagage_albertville_73-300x99.jpg 300w, https:\/\/loicfraysse.fr\/wp-content\/uploads\/2024\/12\/elagage_albertville_73-1024x338.jpg 1024w, https:\/\/loicfraysse.fr\/wp-content\/uploads\/2024\/12\/elagage_albertville_73-768x254.jpg 768w, https:\/\/loicfraysse.fr\/wp-content\/uploads\/2024\/12\/elagage_albertville_73-1536x507.jpg 1536w, https:\/\/loicfraysse.fr\/wp-content\/uploads\/2024\/12\/elagage_albertville_73-2048x677.jpg 2048w\" sizes=\"auto, (max-width: 2560px) 100vw, 2560px\" \/><div class=\"wp-block-cover__inner-container is-layout-constrained wp-block-cover-is-layout-constrained\">\n<p class=\"has-text-align-center has-large-font-size\"><mark style=\"background-color:rgba(0, 0, 0, 0)\" class=\"has-inline-color has-ast-global-color-5-color\"> \u00c9LAGAGE &#8211; ABATTAGE <\/mark><\/p>\n<\/div><\/div>\n\n\n\n<div style=\"height:22px\" aria-hidden=\"true\" class=\"wp-block-spacer\"><\/div>\n\n\n\n<p>Motiv\u00e9 par la bonne gestion des arbres et la pr\u00e9servation de l\u2019environnement dans lequel ils sont implant\u00e9s, j\u2019ai les connaissances et le savoir-faire pour vous conseiller et r\u00e9aliser les travaux dont vous et vos arbres ont r\u00e9ellement besoin. Lors de chaque devis, je r\u00e9alise un diagnostic technique des arbres et de leur milieu pour vous proposer une intervention pertinente. Taille d\u2019une branche, s\u00e9curisation, abattage\u2026 Toutes les solutions sont possibles m\u00eame celle de l\u2019abstinence.<\/p>\n\n\n\n<p>L\u2019entreprise intervient le plus souvent en bin\u00f4me, constitu\u00e9 de deux \u00e9lagueurs ou cordistes qualifi\u00e9s et exp\u00e9riment\u00e9s. Selon l\u2019ampleur et les sp\u00e9cificit\u00e9s du chantier il est tout \u00e0 fait possible de r\u00e9unir plus d\u2019intervenants.<\/p>\n\n\n\n<p>Afin d\u2019\u00eatre le plus efficace possible, j\u2019utilise un treuil m\u00e9canique pour l\u2019abattage et le d\u00e9bardage de petite quantit\u00e9 de bois, d\u2019une mini pelle pour le chargement des billons et le dessouchage. Le broyage des branches jusqu\u2019\u00e0 15cm est assur\u00e9 par un broyeur mobile.<\/p>\n\n\n\n<p>La valorisation du bois en scierie est parfois possible, sinon le bois est transform\u00e9 en b\u00fbches de chauffage. Le broyat est quant \u00e0 lui transform\u00e9 en compost. Pour les clients int\u00e9ress\u00e9s il est possible de fendre le bois sur place.<\/p>\n\n\n\n<div class=\"wp-block-cover is-light\" style=\"min-height:211px;aspect-ratio:unset;\"><span aria-hidden=\"true\" class=\"wp-block-cover__background has-background-dim\" style=\"background-color:#6a8cc4\"><\/span><img loading=\"lazy\" decoding=\"async\" width=\"2560\" height=\"957\" class=\"wp-block-cover__image-background wp-image-204\" alt=\"\" src=\"https:\/\/loicfraysse.fr\/wp-content\/uploads\/2024\/12\/ELAGAGE-AITON-scaled.jpg\" data-object-fit=\"cover\" srcset=\"https:\/\/loicfraysse.fr\/wp-content\/uploads\/2024\/12\/ELAGAGE-AITON-scaled.jpg 2560w, https:\/\/loicfraysse.fr\/wp-content\/uploads\/2024\/12\/ELAGAGE-AITON-300x112.jpg 300w, https:\/\/loicfraysse.fr\/wp-content\/uploads\/2024\/12\/ELAGAGE-AITON-1024x383.jpg 1024w, https:\/\/loicfraysse.fr\/wp-content\/uploads\/2024\/12\/ELAGAGE-AITON-768x287.jpg 768w, https:\/\/loicfraysse.fr\/wp-content\/uploads\/2024\/12\/ELAGAGE-AITON-1536x574.jpg 1536w, https:\/\/loicfraysse.fr\/wp-content\/uploads\/2024\/12\/ELAGAGE-AITON-2048x765.jpg 2048w\" sizes=\"auto, (max-width: 2560px) 100vw, 2560px\" \/><div class=\"wp-block-cover__inner-container is-layout-constrained wp-block-cover-is-layout-constrained\">\n<p class=\"has-text-align-center has-large-font-size\">D\u00c9BROUSSAILLAGE<\/p>\n<\/div><\/div>\n\n\n\n<div style=\"height:27px\" aria-hidden=\"true\" class=\"wp-block-spacer\"><\/div>\n\n\n\n<p>Entretien de zone enherb\u00e9e, parcelles en friche, chemin d\u2019acc\u00e8s ou m\u00eame d\u00e9 v\u00e9g\u00e9talisation de zones verticales : Je poss\u00e8de les connaissances et le mat\u00e9riel pour r\u00e9pondre efficacement \u00e0 votre demande. J\u2019utilise fr\u00e9quemment un broyeur horizontal et des d\u00e9broussailleuses \u00e0 fl\u00e9aux suivant les contraintes du site.<\/p>\n\n\n\n<p>En situation verticale (mur, falaise, talus abruptes\u2026) nous avons les qualifications pour \u00e9voluer aux moyen de cordes.<\/p>\n\n\n\n<div class=\"wp-block-cover\" style=\"min-height:209px;aspect-ratio:unset;\"><span aria-hidden=\"true\" class=\"wp-block-cover__background has-background-dim\" style=\"background-color:#5b5b57\"><\/span><img loading=\"lazy\" decoding=\"async\" width=\"2560\" height=\"832\" class=\"wp-block-cover__image-background wp-image-205\" alt=\"\" src=\"https:\/\/loicfraysse.fr\/wp-content\/uploads\/2024\/12\/elagueur-albertville-arbre-1-scaled.jpg\" data-object-fit=\"cover\" srcset=\"https:\/\/loicfraysse.fr\/wp-content\/uploads\/2024\/12\/elagueur-albertville-arbre-1-scaled.jpg 2560w, https:\/\/loicfraysse.fr\/wp-content\/uploads\/2024\/12\/elagueur-albertville-arbre-1-300x97.jpg 300w, https:\/\/loicfraysse.fr\/wp-content\/uploads\/2024\/12\/elagueur-albertville-arbre-1-1024x333.jpg 1024w, https:\/\/loicfraysse.fr\/wp-content\/uploads\/2024\/12\/elagueur-albertville-arbre-1-768x250.jpg 768w, https:\/\/loicfraysse.fr\/wp-content\/uploads\/2024\/12\/elagueur-albertville-arbre-1-1536x499.jpg 1536w, https:\/\/loicfraysse.fr\/wp-content\/uploads\/2024\/12\/elagueur-albertville-arbre-1-2048x665.jpg 2048w\" sizes=\"auto, (max-width: 2560px) 100vw, 2560px\" \/><div class=\"wp-block-cover__inner-container is-layout-constrained wp-block-cover-is-layout-constrained\">\n<p class=\"has-text-align-center has-large-font-size\"><mark style=\"background-color:rgba(0, 0, 0, 0)\" class=\"has-inline-color has-ast-global-color-5-color\">TRAVAUX EN HAUTEUR<\/mark><\/p>\n<\/div><\/div>\n\n\n\n<div style=\"height:33px\" aria-hidden=\"true\" class=\"wp-block-spacer\"><\/div>\n\n\n\n<p>Selon la saison, je suis aussi cordiste et j\u2019interviens en milieux industriel, urbain et naturel pour d\u2019autres entreprises. Les interventions sont vari\u00e9es (pose d\u2019\u00e9l\u00e9ments, inspection, soudure\u2026). Ce type d\u2019interventions demandent de la rigueur et du professionnalisme pour \u00eatre men\u00e9es \u00e0 bien et en s\u00e9curit\u00e9.<\/p>\n\n\n\n<h2 class=\"wp-block-heading\">TERRASSEMENT<\/h2>\n\n\n\n<p>A l\u2019aide d\u2019une mini pelle je propose aussi des petits travaux de terrassements. Tranch\u00e9e, nivellement, drainage, arrachage de haie, plantation d&rsquo;arbre ou autres.<\/p>\n\n\n\n<h2 class=\"wp-block-heading\"><\/h2>\n\n\n\n<p><\/p>\n","protected":false},"excerpt":{"rendered":"<p>\u00c9LAGAGE \u2013 ABATTAGE \u2013 D\u00c9BROUSSAILLAGE \u2013 TRAVAUX EN HAUTEUR Motiv\u00e9 par la bonne gestion des arbres et la pr\u00e9servation de [&hellip;]<\/p>\n","protected":false},"author":1,"featured_media":0,"parent":0,"menu_order":2,"comment_status":"closed","ping_status":"closed","template":"","meta":{"site-sidebar-layout":"default","site-content-layout":"","ast-site-content-layout":"","site-content-style":"default","site-sidebar-style":"default","ast-global-header-display":"","ast-banner-title-visibility":"","ast-main-header-display":"","ast-hfb-above-header-display":"","ast-hfb-below-header-display":"","ast-hfb-mobile-header-display":"","site-post-title":"disabled","ast-breadcrumbs-content":"","ast-featured-img":"","footer-sml-layout":"","theme-transparent-header-meta":"","adv-header-id-meta":"","stick-header-meta":"","header-above-stick-meta":"","header-main-stick-meta":"","header-below-stick-meta":"","astra-migrate-meta-layouts":"default","ast-page-background-enabled":"default","ast-page-background-meta":{"desktop":{"background-color":"var(--ast-global-color-4)","background-image":"","background-repeat":"repeat","background-position":"center center","background-size":"auto","background-attachment":"scroll","background-type":"","background-media":"","overlay-type":"","overlay-color":"","overlay-opacity":"","overlay-gradient":""},"tablet":{"background-color":"","background-image":"","background-repeat":"repeat","background-position":"center center","background-size":"auto","background-attachment":"scroll","background-type":"","background-media":"","overlay-type":"","overlay-color":"","overlay-opacity":"","overlay-gradient":""},"mobile":{"background-color":"","background-image":"","background-repeat":"repeat","background-position":"center center","background-size":"auto","background-attachment":"scroll","background-type":"","background-media":"","overlay-type":"","overlay-color":"","overlay-opacity":"","overlay-gradient":""}},"ast-content-background-meta":{"desktop":{"background-color":"var(--ast-global-color-5)","background-image":"","background-repeat":"repeat","background-position":"center center","background-size":"auto","background-attachment":"scroll","background-type":"","background-media":"","overlay-type":"","overlay-color":"","overlay-opacity":"","overlay-gradient":""},"tablet":{"background-color":"var(--ast-global-color-5)","background-image":"","background-repeat":"repeat","background-position":"center center","background-size":"auto","background-attachment":"scroll","background-type":"","background-media":"","overlay-type":"","overlay-color":"","overlay-opacity":"","overlay-gradient":""},"mobile":{"background-color":"var(--ast-global-color-5)","background-image":"","background-repeat":"repeat","background-position":"center center","background-size":"auto","background-attachment":"scroll","background-type":"","background-media":"","overlay-type":"","overlay-color":"","overlay-opacity":"","overlay-gradient":""}},"footnotes":""},"class_list":["post-40","page","type-page","status-publish","hentry"],"yoast_head":"<!-- This site is optimized with the Yoast SEO plugin v24.0 - https:\/\/yoast.com\/wordpress\/plugins\/seo\/ -->\n<title>SERVICES - LOIC FRAYSSE<\/title>\n<meta name=\"robots\" content=\"index, follow, max-snippet:-1, max-image-preview:large, max-video-preview:-1\" \/>\n<link rel=\"canonical\" href=\"https:\/\/loicfraysse.fr\/index.php\/services\/\" \/>\n<meta property=\"og:locale\" content=\"fr_FR\" \/>\n<meta property=\"og:type\" content=\"article\" \/>\n<meta property=\"og:title\" content=\"SERVICES - LOIC FRAYSSE\" \/>\n<meta property=\"og:description\" content=\"\u00c9LAGAGE \u2013 ABATTAGE \u2013 D\u00c9BROUSSAILLAGE \u2013 TRAVAUX EN HAUTEUR Motiv\u00e9 par la bonne gestion des arbres et la pr\u00e9servation de [&hellip;]\" \/>\n<meta property=\"og:url\" content=\"https:\/\/loicfraysse.fr\/index.php\/services\/\" \/>\n<meta property=\"og:site_name\" content=\"LOIC FRAYSSE\" \/>\n<meta property=\"article:modified_time\" content=\"2024-12-07T17:08:50+00:00\" \/>\n<meta property=\"og:image\" content=\"https:\/\/loicfraysse.fr\/wp-content\/uploads\/2024\/12\/elagage_albertville_73-scaled.jpg\" \/>\n\t<meta property=\"og:image:width\" content=\"2560\" \/>\n\t<meta property=\"og:image:height\" content=\"846\" \/>\n\t<meta property=\"og:image:type\" content=\"image\/jpeg\" \/>\n<meta name=\"twitter:card\" content=\"summary_large_image\" \/>\n<meta name=\"twitter:label1\" content=\"Dur\u00e9e de lecture estim\u00e9e\" \/>\n\t<meta name=\"twitter:data1\" content=\"2 minutes\" \/>\n<script type=\"application\/ld+json\" class=\"yoast-schema-graph\">{\"@context\":\"https:\/\/schema.org\",\"@graph\":[{\"@type\":\"WebPage\",\"@id\":\"https:\/\/loicfraysse.fr\/index.php\/services\/\",\"url\":\"https:\/\/loicfraysse.fr\/index.php\/services\/\",\"name\":\"SERVICES - LOIC FRAYSSE\",\"isPartOf\":{\"@id\":\"https:\/\/loicfraysse.fr\/#website\"},\"primaryImageOfPage\":{\"@id\":\"https:\/\/loicfraysse.fr\/index.php\/services\/#primaryimage\"},\"image\":{\"@id\":\"https:\/\/loicfraysse.fr\/index.php\/services\/#primaryimage\"},\"thumbnailUrl\":\"https:\/\/loicfraysse.fr\/wp-content\/uploads\/2024\/12\/elagage_albertville_73-scaled.jpg\",\"datePublished\":\"2024-11-21T17:07:51+00:00\",\"dateModified\":\"2024-12-07T17:08:50+00:00\",\"breadcrumb\":{\"@id\":\"https:\/\/loicfraysse.fr\/index.php\/services\/#breadcrumb\"},\"inLanguage\":\"fr-FR\",\"potentialAction\":[{\"@type\":\"ReadAction\",\"target\":[\"https:\/\/loicfraysse.fr\/index.php\/services\/\"]}]},{\"@type\":\"ImageObject\",\"inLanguage\":\"fr-FR\",\"@id\":\"https:\/\/loicfraysse.fr\/index.php\/services\/#primaryimage\",\"url\":\"https:\/\/loicfraysse.fr\/wp-content\/uploads\/2024\/12\/elagage_albertville_73-scaled.jpg\",\"contentUrl\":\"https:\/\/loicfraysse.fr\/wp-content\/uploads\/2024\/12\/elagage_albertville_73-scaled.jpg\",\"width\":2560,\"height\":846},{\"@type\":\"BreadcrumbList\",\"@id\":\"https:\/\/loicfraysse.fr\/index.php\/services\/#breadcrumb\",\"itemListElement\":[{\"@type\":\"ListItem\",\"position\":1,\"name\":\"Accueil\",\"item\":\"https:\/\/loicfraysse.fr\/\"},{\"@type\":\"ListItem\",\"position\":2,\"name\":\"SERVICES\"}]},{\"@type\":\"WebSite\",\"@id\":\"https:\/\/loicfraysse.fr\/#website\",\"url\":\"https:\/\/loicfraysse.fr\/\",\"name\":\"LOIC FRAYSSE\",\"description\":\"Elagage, Abattage et Travaux sur Cordes en Savoie\",\"publisher\":{\"@id\":\"https:\/\/loicfraysse.fr\/#organization\"},\"potentialAction\":[{\"@type\":\"SearchAction\",\"target\":{\"@type\":\"EntryPoint\",\"urlTemplate\":\"https:\/\/loicfraysse.fr\/?s={search_term_string}\"},\"query-input\":{\"@type\":\"PropertyValueSpecification\",\"valueRequired\":true,\"valueName\":\"search_term_string\"}}],\"inLanguage\":\"fr-FR\"},{\"@type\":\"Organization\",\"@id\":\"https:\/\/loicfraysse.fr\/#organization\",\"name\":\"LOIC FRAYSSE\",\"url\":\"https:\/\/loicfraysse.fr\/\",\"logo\":{\"@type\":\"ImageObject\",\"inLanguage\":\"fr-FR\",\"@id\":\"https:\/\/loicfraysse.fr\/#\/schema\/logo\/image\/\",\"url\":\"https:\/\/loicfraysse.fr\/wp-content\/uploads\/2024\/11\/cropped-Logo-AE-Loic-Fraysse-MODIF.jpg\",\"contentUrl\":\"https:\/\/loicfraysse.fr\/wp-content\/uploads\/2024\/11\/cropped-Logo-AE-Loic-Fraysse-MODIF.jpg\",\"width\":139,\"height\":180,\"caption\":\"LOIC FRAYSSE\"},\"image\":{\"@id\":\"https:\/\/loicfraysse.fr\/#\/schema\/logo\/image\/\"}}]}<\/script>\n<!-- \/ Yoast SEO plugin. -->","yoast_head_json":{"title":"SERVICES - LOIC FRAYSSE","robots":{"index":"index","follow":"follow","max-snippet":"max-snippet:-1","max-image-preview":"max-image-preview:large","max-video-preview":"max-video-preview:-1"},"canonical":"https:\/\/loicfraysse.fr\/index.php\/services\/","og_locale":"fr_FR","og_type":"article","og_title":"SERVICES - LOIC FRAYSSE","og_description":"\u00c9LAGAGE \u2013 ABATTAGE \u2013 D\u00c9BROUSSAILLAGE \u2013 TRAVAUX EN HAUTEUR Motiv\u00e9 par la bonne gestion des arbres et la pr\u00e9servation de [&hellip;]","og_url":"https:\/\/loicfraysse.fr\/index.php\/services\/","og_site_name":"LOIC FRAYSSE","article_modified_time":"2024-12-07T17:08:50+00:00","og_image":[{"width":2560,"height":846,"url":"https:\/\/loicfraysse.fr\/wp-content\/uploads\/2024\/12\/elagage_albertville_73-scaled.jpg","type":"image\/jpeg"}],"twitter_card":"summary_large_image","twitter_misc":{"Dur\u00e9e de lecture estim\u00e9e":"2 minutes"},"schema":{"@context":"https:\/\/schema.org","@graph":[{"@type":"WebPage","@id":"https:\/\/loicfraysse.fr\/index.php\/services\/","url":"https:\/\/loicfraysse.fr\/index.php\/services\/","name":"SERVICES - LOIC FRAYSSE","isPartOf":{"@id":"https:\/\/loicfraysse.fr\/#website"},"primaryImageOfPage":{"@id":"https:\/\/loicfraysse.fr\/index.php\/services\/#primaryimage"},"image":{"@id":"https:\/\/loicfraysse.fr\/index.php\/services\/#primaryimage"},"thumbnailUrl":"https:\/\/loicfraysse.fr\/wp-content\/uploads\/2024\/12\/elagage_albertville_73-scaled.jpg","datePublished":"2024-11-21T17:07:51+00:00","dateModified":"2024-12-07T17:08:50+00:00","breadcrumb":{"@id":"https:\/\/loicfraysse.fr\/index.php\/services\/#breadcrumb"},"inLanguage":"fr-FR","potentialAction":[{"@type":"ReadAction","target":["https:\/\/loicfraysse.fr\/index.php\/services\/"]}]},{"@type":"ImageObject","inLanguage":"fr-FR","@id":"https:\/\/loicfraysse.fr\/index.php\/services\/#primaryimage","url":"https:\/\/loicfraysse.fr\/wp-content\/uploads\/2024\/12\/elagage_albertville_73-scaled.jpg","contentUrl":"https:\/\/loicfraysse.fr\/wp-content\/uploads\/2024\/12\/elagage_albertville_73-scaled.jpg","width":2560,"height":846},{"@type":"BreadcrumbList","@id":"https:\/\/loicfraysse.fr\/index.php\/services\/#breadcrumb","itemListElement":[{"@type":"ListItem","position":1,"name":"Accueil","item":"https:\/\/loicfraysse.fr\/"},{"@type":"ListItem","position":2,"name":"SERVICES"}]},{"@type":"WebSite","@id":"https:\/\/loicfraysse.fr\/#website","url":"https:\/\/loicfraysse.fr\/","name":"LOIC FRAYSSE","description":"Elagage, Abattage et Travaux sur Cordes en Savoie","publisher":{"@id":"https:\/\/loicfraysse.fr\/#organization"},"potentialAction":[{"@type":"SearchAction","target":{"@type":"EntryPoint","urlTemplate":"https:\/\/loicfraysse.fr\/?s={search_term_string}"},"query-input":{"@type":"PropertyValueSpecification","valueRequired":true,"valueName":"search_term_string"}}],"inLanguage":"fr-FR"},{"@type":"Organization","@id":"https:\/\/loicfraysse.fr\/#organization","name":"LOIC FRAYSSE","url":"https:\/\/loicfraysse.fr\/","logo":{"@type":"ImageObject","inLanguage":"fr-FR","@id":"https:\/\/loicfraysse.fr\/#\/schema\/logo\/image\/","url":"https:\/\/loicfraysse.fr\/wp-content\/uploads\/2024\/11\/cropped-Logo-AE-Loic-Fraysse-MODIF.jpg","contentUrl":"https:\/\/loicfraysse.fr\/wp-content\/uploads\/2024\/11\/cropped-Logo-AE-Loic-Fraysse-MODIF.jpg","width":139,"height":180,"caption":"LOIC FRAYSSE"},"image":{"@id":"https:\/\/loicfraysse.fr\/#\/schema\/logo\/image\/"}}]}},"_links":{"self":[{"href":"https:\/\/loicfraysse.fr\/index.php\/wp-json\/wp\/v2\/pages\/40","targetHints":{"allow":["GET"]}}],"collection":[{"href":"https:\/\/loicfraysse.fr\/index.php\/wp-json\/wp\/v2\/pages"}],"about":[{"href":"https:\/\/loicfraysse.fr\/index.php\/wp-json\/wp\/v2\/types\/page"}],"author":[{"embeddable":true,"href":"https:\/\/loicfraysse.fr\/index.php\/wp-json\/wp\/v2\/users\/1"}],"replies":[{"embeddable":true,"href":"https:\/\/loicfraysse.fr\/index.php\/wp-json\/wp\/v2\/comments?post=40"}],"version-history":[{"count":11,"href":"https:\/\/loicfraysse.fr\/index.php\/wp-json\/wp\/v2\/pages\/40\/revisions"}],"predecessor-version":[{"id":208,"href":"https:\/\/loicfraysse.fr\/index.php\/wp-json\/wp\/v2\/pages\/40\/revisions\/208"}],"wp:attachment":[{"href":"https:\/\/loicfraysse.fr\/index.php\/wp-json\/wp\/v2\/media?parent=40"}],"curies":[{"name":"wp","href":"https:\/\/api.w.org\/{rel}","templated":true}]}}