{"id":37,"date":"2024-11-21T18:07:29","date_gmt":"2024-11-21T17:07:29","guid":{"rendered":"https:\/\/loicfraysse.fr\/?page_id=37"},"modified":"2024-12-07T17:35:41","modified_gmt":"2024-12-07T16:35:41","slug":"accueil","status":"publish","type":"page","link":"https:\/\/loicfraysse.fr\/","title":{"rendered":"ACCUEIL"},"content":{"rendered":"\n<p><\/p>\n\n\n\n<div class=\"wp-block-cover has-custom-content-position is-position-top-center wp-duotone-unset-1\" style=\"min-height:290px;aspect-ratio:unset;\"><span aria-hidden=\"true\" class=\"wp-block-cover__background has-background-dim\" style=\"background-color:#5b5b57\"><\/span><img loading=\"lazy\" decoding=\"async\" width=\"2560\" height=\"832\" class=\"wp-block-cover__image-background wp-image-129\" alt=\"\" src=\"https:\/\/loicfraysse.fr\/wp-content\/uploads\/2024\/12\/elagueur-albertville-arbre-scaled.jpg\" data-object-fit=\"cover\" srcset=\"https:\/\/loicfraysse.fr\/wp-content\/uploads\/2024\/12\/elagueur-albertville-arbre-scaled.jpg 2560w, https:\/\/loicfraysse.fr\/wp-content\/uploads\/2024\/12\/elagueur-albertville-arbre-300x97.jpg 300w, https:\/\/loicfraysse.fr\/wp-content\/uploads\/2024\/12\/elagueur-albertville-arbre-1024x333.jpg 1024w, https:\/\/loicfraysse.fr\/wp-content\/uploads\/2024\/12\/elagueur-albertville-arbre-768x250.jpg 768w, https:\/\/loicfraysse.fr\/wp-content\/uploads\/2024\/12\/elagueur-albertville-arbre-1536x499.jpg 1536w, https:\/\/loicfraysse.fr\/wp-content\/uploads\/2024\/12\/elagueur-albertville-arbre-2048x665.jpg 2048w\" sizes=\"auto, (max-width: 2560px) 100vw, 2560px\" \/><div class=\"wp-block-cover__inner-container is-layout-constrained wp-block-cover-is-layout-constrained\">\n<p class=\"has-text-align-center has-large-font-size\"><mark style=\"background-color:rgba(0, 0, 0, 0)\" class=\"has-inline-color has-ast-global-color-4-color\">AE LOIC FRAYSSE<\/mark><\/p>\n\n\n\n<h1 class=\"wp-block-heading has-text-align-center\"><mark style=\"background-color:rgba(0, 0, 0, 0)\" class=\"has-inline-color has-ast-global-color-5-color\"><strong>\u00c9lagage &#8211; Abattage &#8211; Travaux en hauteur<\/strong><\/mark><\/h1>\n<\/div><\/div>\n\n\n\n<hr class=\"wp-block-separator has-alpha-channel-opacity\"\/>\n\n\n\n<p>L&rsquo;entreprise AE Lo\u00efc Fraysse est bas\u00e9e dans la combe de Savoie, \u00e0 Gr\u00e9sy-sur Is\u00e8re, et intervient pour r\u00e9aliser des travaux d&rsquo;\u00e9lagage, d&rsquo;abattage et de d\u00e9broussaillage pour les particuliers, les collectivit\u00e9s ou les professionnels du paysage.<\/p>\n\n\n\n<p>Vous souhaiteriez obtenir un devis rapidement ?<\/p>\n\n\n\n<p>Contactez-moi par mail ou par t\u00e9l\u00e9phone\/sms en pr\u00e9cisant les travaux \u00e0 effectuer, ainsi que vos coordonn\u00e9es !<\/p>\n\n\n\n<p>Tel : 06 87 73 82 10<\/p>\n\n\n\n<p>Mail : contact@loicfraysse.fr<\/p>\n\n\n\n<p><\/p>\n","protected":false},"excerpt":{"rendered":"<p>L&rsquo;entreprise AE Lo\u00efc Fraysse est bas\u00e9e dans la combe de Savoie, \u00e0 Gr\u00e9sy-sur Is\u00e8re, et intervient pour r\u00e9aliser des travaux [&hellip;]<\/p>\n","protected":false},"author":1,"featured_media":0,"parent":0,"menu_order":1,"comment_status":"closed","ping_status":"closed","template":"","meta":{"site-sidebar-layout":"default","site-content-layout":"","ast-site-content-layout":"","site-content-style":"default","site-sidebar-style":"default","ast-global-header-display":"","ast-banner-title-visibility":"","ast-main-header-display":"","ast-hfb-above-header-display":"","ast-hfb-below-header-display":"","ast-hfb-mobile-header-display":"","site-post-title":"disabled","ast-breadcrumbs-content":"","ast-featured-img":"","footer-sml-layout":"","theme-transparent-header-meta":"","adv-header-id-meta":"","stick-header-meta":"","header-above-stick-meta":"","header-main-stick-meta":"","header-below-stick-meta":"","astra-migrate-meta-layouts":"default","ast-page-background-enabled":"default","ast-page-background-meta":{"desktop":{"background-color":"var(--ast-global-color-4)","background-image":"","background-repeat":"repeat","background-position":"center center","background-size":"auto","background-attachment":"scroll","background-type":"","background-media":"","overlay-type":"","overlay-color":"","overlay-opacity":"","overlay-gradient":""},"tablet":{"background-color":"","background-image":"","background-repeat":"repeat","background-position":"center center","background-size":"auto","background-attachment":"scroll","background-type":"","background-media":"","overlay-type":"","overlay-color":"","overlay-opacity":"","overlay-gradient":""},"mobile":{"background-color":"","background-image":"","background-repeat":"repeat","background-position":"center center","background-size":"auto","background-attachment":"scroll","background-type":"","background-media":"","overlay-type":"","overlay-color":"","overlay-opacity":"","overlay-gradient":""}},"ast-content-background-meta":{"desktop":{"background-color":"var(--ast-global-color-5)","background-image":"","background-repeat":"repeat","background-position":"center center","background-size":"auto","background-attachment":"scroll","background-type":"","background-media":"","overlay-type":"","overlay-color":"","overlay-opacity":"","overlay-gradient":""},"tablet":{"background-color":"var(--ast-global-color-5)","background-image":"","background-repeat":"repeat","background-position":"center center","background-size":"auto","background-attachment":"scroll","background-type":"","background-media":"","overlay-type":"","overlay-color":"","overlay-opacity":"","overlay-gradient":""},"mobile":{"background-color":"var(--ast-global-color-5)","background-image":"","background-repeat":"repeat","background-position":"center center","background-size":"auto","background-attachment":"scroll","background-type":"","background-media":"","overlay-type":"","overlay-color":"","overlay-opacity":"","overlay-gradient":""}},"footnotes":""},"class_list":["post-37","page","type-page","status-publish","hentry"],"yoast_head":"<!-- This site is optimized with the Yoast SEO plugin v24.0 - https:\/\/yoast.com\/wordpress\/plugins\/seo\/ -->\n<title>ACCUEIL - LOIC FRAYSSE<\/title>\n<meta name=\"robots\" content=\"index, follow, max-snippet:-1, max-image-preview:large, max-video-preview:-1\" \/>\n<link rel=\"canonical\" href=\"https:\/\/loicfraysse.fr\/\" \/>\n<meta property=\"og:locale\" content=\"fr_FR\" \/>\n<meta property=\"og:type\" content=\"article\" \/>\n<meta property=\"og:title\" content=\"ACCUEIL - LOIC FRAYSSE\" \/>\n<meta property=\"og:description\" content=\"L&rsquo;entreprise AE Lo\u00efc Fraysse est bas\u00e9e dans la combe de Savoie, \u00e0 Gr\u00e9sy-sur Is\u00e8re, et intervient pour r\u00e9aliser des travaux [&hellip;]\" \/>\n<meta property=\"og:url\" content=\"https:\/\/loicfraysse.fr\/\" \/>\n<meta property=\"og:site_name\" content=\"LOIC FRAYSSE\" \/>\n<meta property=\"article:modified_time\" content=\"2024-12-07T16:35:41+00:00\" \/>\n<meta property=\"og:image\" content=\"https:\/\/loicfraysse.fr\/wp-content\/uploads\/2024\/12\/elagueur-albertville-arbre-scaled.jpg\" \/>\n\t<meta property=\"og:image:width\" content=\"2560\" \/>\n\t<meta property=\"og:image:height\" content=\"832\" \/>\n\t<meta property=\"og:image:type\" content=\"image\/jpeg\" \/>\n<meta name=\"twitter:card\" content=\"summary_large_image\" \/>\n<script type=\"application\/ld+json\" class=\"yoast-schema-graph\">{\"@context\":\"https:\/\/schema.org\",\"@graph\":[{\"@type\":\"WebPage\",\"@id\":\"https:\/\/loicfraysse.fr\/\",\"url\":\"https:\/\/loicfraysse.fr\/\",\"name\":\"ACCUEIL - LOIC FRAYSSE\",\"isPartOf\":{\"@id\":\"https:\/\/loicfraysse.fr\/#website\"},\"primaryImageOfPage\":{\"@id\":\"https:\/\/loicfraysse.fr\/#primaryimage\"},\"image\":{\"@id\":\"https:\/\/loicfraysse.fr\/#primaryimage\"},\"thumbnailUrl\":\"https:\/\/loicfraysse.fr\/wp-content\/uploads\/2024\/12\/elagueur-albertville-arbre-scaled.jpg\",\"datePublished\":\"2024-11-21T17:07:29+00:00\",\"dateModified\":\"2024-12-07T16:35:41+00:00\",\"breadcrumb\":{\"@id\":\"https:\/\/loicfraysse.fr\/#breadcrumb\"},\"inLanguage\":\"fr-FR\",\"potentialAction\":[{\"@type\":\"ReadAction\",\"target\":[\"https:\/\/loicfraysse.fr\/\"]}]},{\"@type\":\"ImageObject\",\"inLanguage\":\"fr-FR\",\"@id\":\"https:\/\/loicfraysse.fr\/#primaryimage\",\"url\":\"https:\/\/loicfraysse.fr\/wp-content\/uploads\/2024\/12\/elagueur-albertville-arbre-scaled.jpg\",\"contentUrl\":\"https:\/\/loicfraysse.fr\/wp-content\/uploads\/2024\/12\/elagueur-albertville-arbre-scaled.jpg\",\"width\":2560,\"height\":832},{\"@type\":\"BreadcrumbList\",\"@id\":\"https:\/\/loicfraysse.fr\/#breadcrumb\",\"itemListElement\":[{\"@type\":\"ListItem\",\"position\":1,\"name\":\"Accueil\",\"item\":\"https:\/\/loicfraysse.fr\/\"},{\"@type\":\"ListItem\",\"position\":2,\"name\":\"ACCUEIL\"}]},{\"@type\":\"WebSite\",\"@id\":\"https:\/\/loicfraysse.fr\/#website\",\"url\":\"https:\/\/loicfraysse.fr\/\",\"name\":\"LOIC FRAYSSE\",\"description\":\"Elagage, Abattage et Travaux sur Cordes en Savoie\",\"publisher\":{\"@id\":\"https:\/\/loicfraysse.fr\/#organization\"},\"potentialAction\":[{\"@type\":\"SearchAction\",\"target\":{\"@type\":\"EntryPoint\",\"urlTemplate\":\"https:\/\/loicfraysse.fr\/?s={search_term_string}\"},\"query-input\":{\"@type\":\"PropertyValueSpecification\",\"valueRequired\":true,\"valueName\":\"search_term_string\"}}],\"inLanguage\":\"fr-FR\"},{\"@type\":\"Organization\",\"@id\":\"https:\/\/loicfraysse.fr\/#organization\",\"name\":\"LOIC FRAYSSE\",\"url\":\"https:\/\/loicfraysse.fr\/\",\"logo\":{\"@type\":\"ImageObject\",\"inLanguage\":\"fr-FR\",\"@id\":\"https:\/\/loicfraysse.fr\/#\/schema\/logo\/image\/\",\"url\":\"https:\/\/loicfraysse.fr\/wp-content\/uploads\/2024\/11\/cropped-Logo-AE-Loic-Fraysse-MODIF.jpg\",\"contentUrl\":\"https:\/\/loicfraysse.fr\/wp-content\/uploads\/2024\/11\/cropped-Logo-AE-Loic-Fraysse-MODIF.jpg\",\"width\":139,\"height\":180,\"caption\":\"LOIC FRAYSSE\"},\"image\":{\"@id\":\"https:\/\/loicfraysse.fr\/#\/schema\/logo\/image\/\"}}]}<\/script>\n<!-- \/ Yoast SEO plugin. -->","yoast_head_json":{"title":"ACCUEIL - LOIC FRAYSSE","robots":{"index":"index","follow":"follow","max-snippet":"max-snippet:-1","max-image-preview":"max-image-preview:large","max-video-preview":"max-video-preview:-1"},"canonical":"https:\/\/loicfraysse.fr\/","og_locale":"fr_FR","og_type":"article","og_title":"ACCUEIL - LOIC FRAYSSE","og_description":"L&rsquo;entreprise AE Lo\u00efc Fraysse est bas\u00e9e dans la combe de Savoie, \u00e0 Gr\u00e9sy-sur Is\u00e8re, et intervient pour r\u00e9aliser des travaux [&hellip;]","og_url":"https:\/\/loicfraysse.fr\/","og_site_name":"LOIC FRAYSSE","article_modified_time":"2024-12-07T16:35:41+00:00","og_image":[{"width":2560,"height":832,"url":"https:\/\/loicfraysse.fr\/wp-content\/uploads\/2024\/12\/elagueur-albertville-arbre-scaled.jpg","type":"image\/jpeg"}],"twitter_card":"summary_large_image","schema":{"@context":"https:\/\/schema.org","@graph":[{"@type":"WebPage","@id":"https:\/\/loicfraysse.fr\/","url":"https:\/\/loicfraysse.fr\/","name":"ACCUEIL - LOIC FRAYSSE","isPartOf":{"@id":"https:\/\/loicfraysse.fr\/#website"},"primaryImageOfPage":{"@id":"https:\/\/loicfraysse.fr\/#primaryimage"},"image":{"@id":"https:\/\/loicfraysse.fr\/#primaryimage"},"thumbnailUrl":"https:\/\/loicfraysse.fr\/wp-content\/uploads\/2024\/12\/elagueur-albertville-arbre-scaled.jpg","datePublished":"2024-11-21T17:07:29+00:00","dateModified":"2024-12-07T16:35:41+00:00","breadcrumb":{"@id":"https:\/\/loicfraysse.fr\/#breadcrumb"},"inLanguage":"fr-FR","potentialAction":[{"@type":"ReadAction","target":["https:\/\/loicfraysse.fr\/"]}]},{"@type":"ImageObject","inLanguage":"fr-FR","@id":"https:\/\/loicfraysse.fr\/#primaryimage","url":"https:\/\/loicfraysse.fr\/wp-content\/uploads\/2024\/12\/elagueur-albertville-arbre-scaled.jpg","contentUrl":"https:\/\/loicfraysse.fr\/wp-content\/uploads\/2024\/12\/elagueur-albertville-arbre-scaled.jpg","width":2560,"height":832},{"@type":"BreadcrumbList","@id":"https:\/\/loicfraysse.fr\/#breadcrumb","itemListElement":[{"@type":"ListItem","position":1,"name":"Accueil","item":"https:\/\/loicfraysse.fr\/"},{"@type":"ListItem","position":2,"name":"ACCUEIL"}]},{"@type":"WebSite","@id":"https:\/\/loicfraysse.fr\/#website","url":"https:\/\/loicfraysse.fr\/","name":"LOIC FRAYSSE","description":"Elagage, Abattage et Travaux sur Cordes en Savoie","publisher":{"@id":"https:\/\/loicfraysse.fr\/#organization"},"potentialAction":[{"@type":"SearchAction","target":{"@type":"EntryPoint","urlTemplate":"https:\/\/loicfraysse.fr\/?s={search_term_string}"},"query-input":{"@type":"PropertyValueSpecification","valueRequired":true,"valueName":"search_term_string"}}],"inLanguage":"fr-FR"},{"@type":"Organization","@id":"https:\/\/loicfraysse.fr\/#organization","name":"LOIC FRAYSSE","url":"https:\/\/loicfraysse.fr\/","logo":{"@type":"ImageObject","inLanguage":"fr-FR","@id":"https:\/\/loicfraysse.fr\/#\/schema\/logo\/image\/","url":"https:\/\/loicfraysse.fr\/wp-content\/uploads\/2024\/11\/cropped-Logo-AE-Loic-Fraysse-MODIF.jpg","contentUrl":"https:\/\/loicfraysse.fr\/wp-content\/uploads\/2024\/11\/cropped-Logo-AE-Loic-Fraysse-MODIF.jpg","width":139,"height":180,"caption":"LOIC FRAYSSE"},"image":{"@id":"https:\/\/loicfraysse.fr\/#\/schema\/logo\/image\/"}}]}},"_links":{"self":[{"href":"https:\/\/loicfraysse.fr\/index.php\/wp-json\/wp\/v2\/pages\/37","targetHints":{"allow":["GET"]}}],"collection":[{"href":"https:\/\/loicfraysse.fr\/index.php\/wp-json\/wp\/v2\/pages"}],"about":[{"href":"https:\/\/loicfraysse.fr\/index.php\/wp-json\/wp\/v2\/types\/page"}],"author":[{"embeddable":true,"href":"https:\/\/loicfraysse.fr\/index.php\/wp-json\/wp\/v2\/users\/1"}],"replies":[{"embeddable":true,"href":"https:\/\/loicfraysse.fr\/index.php\/wp-json\/wp\/v2\/comments?post=37"}],"version-history":[{"count":25,"href":"https:\/\/loicfraysse.fr\/index.php\/wp-json\/wp\/v2\/pages\/37\/revisions"}],"predecessor-version":[{"id":195,"href":"https:\/\/loicfraysse.fr\/index.php\/wp-json\/wp\/v2\/pages\/37\/revisions\/195"}],"wp:attachment":[{"href":"https:\/\/loicfraysse.fr\/index.php\/wp-json\/wp\/v2\/media?parent=37"}],"curies":[{"name":"wp","href":"https:\/\/api.w.org\/{rel}","templated":true}]}}